{"id":7982,"date":"2024-04-16T19:53:19","date_gmt":"2024-04-16T16:53:19","guid":{"rendered":"https:\/\/imadenizcilikinsaat.com\/eng\/?page_id=7982"},"modified":"2024-04-30T16:29:08","modified_gmt":"2024-04-30T13:29:08","slug":"our-quality-policy","status":"publish","type":"page","link":"https:\/\/imadenizcilikinsaat.com\/eng\/our-quality-policy\/","title":{"rendered":"Our Quality Policy"},"content":{"rendered":"<div class=\"wpb-content-wrapper\"><p>[vc_row][vc_column]<div class=\"cz_gap clr \" style=\"height: 50px\"><\/div><div id=\"cz_90880\" class=\"cz_90880 cz_title clr cz_title_pos_inline tac\"><div class=\"cz_title_content\"><div class=\"cz_wpe_content\"><h3 style=\"text-align: center;\"><span style=\"font-size: 48px;\"><strong>\u0130MA Maritime &amp; <span style=\"color: #88837b;\">Construction <\/span>Quality Policy<\/strong><\/span><\/h3>\n<p style=\"text-align: center;\"><span style=\"font-size: 26px; font-weight: 200;\">We Complete Your Maritime and Construction Works in the Most Accurate and Appropriate Way<\/span><\/p>\n<\/div><\/div><\/div><div class=\"cz_gap clr \" style=\"height: 50px\"><\/div>[\/vc_column][\/vc_row][vc_row][vc_column offset=&#8221;vc_hidden-sm vc_hidden-xs&#8221;]<div class=\"cz_eqh cz_content_box_parent_fx  \"><div id=\"cz_67815\" class=\"cz_67815 cz_content_box clr\"><div class=\"cz_box_front clr\"><div class=\"cz_box_front_inner clr cz_content_box_full_after\"><span><\/span><div>[vc_row_inner][vc_column_inner width=&#8221;1\/4&#8243;]<div id=\"cz_56020\" data-position=\"top-right\" class=\"cz_56020 cz_image clr cz_image_no_fx center_on_mobile\"><div class=\"\" ><div class=\"cz_image_in\"><div class=\"cz_main_image\"><img loading=\"lazy\" decoding=\"async\" width=\"1100\" height=\"1700\" src=\"https:\/\/imadenizcilikinsaat.com\/eng\/wp-content\/uploads\/sites\/2\/2023\/05\/Kalite-Politikamiz-Banner.jpg\" class=\"attachment-full\" alt=\"\u0130MA-Denizcilik-\u0130n\u015faat-Kalite-Politikam\u0131z-Banner\" title=\"\u0130MA-Denizcilik-\u0130n\u015faat-Kalite-Politikam\u0131z-Banner\" srcset=\"https:\/\/imadenizcilikinsaat.com\/eng\/wp-content\/uploads\/sites\/2\/2023\/05\/Kalite-Politikamiz-Banner.jpg 1100w, https:\/\/imadenizcilikinsaat.com\/eng\/wp-content\/uploads\/sites\/2\/2023\/05\/Kalite-Politikamiz-Banner-194x300.jpg 194w, https:\/\/imadenizcilikinsaat.com\/eng\/wp-content\/uploads\/sites\/2\/2023\/05\/Kalite-Politikamiz-Banner-663x1024.jpg 663w, https:\/\/imadenizcilikinsaat.com\/eng\/wp-content\/uploads\/sites\/2\/2023\/05\/Kalite-Politikamiz-Banner-768x1187.jpg 768w, https:\/\/imadenizcilikinsaat.com\/eng\/wp-content\/uploads\/sites\/2\/2023\/05\/Kalite-Politikamiz-Banner-994x1536.jpg 994w\" sizes=\"auto, (max-width: 1100px) 100vw, 1100px\" \/><\/div><\/div><\/div><\/div>[\/vc_column_inner][vc_column_inner width=&#8221;3\/4&#8243;]<div class=\"cz_gap clr \" style=\"height: 50px\"><\/div><ul id=\"cz_71062\" class=\"cz_71062 cz_stylish_list clr cz_sl_icon_hover_none\"><li class=\"clr\"><div class=\"cz_sl_icon\"><i class=\"fa czico-115-grid-world mr10\"><\/i><\/div><div><span>Target & Legislation<small>We work to ensure that maritime and construction works are carried out and completed in the most accurate manner and in accordance with national legislation in line with project and investment objectives.<\/small><\/span><\/div><\/li><li class=\"clr\"><div class=\"cz_sl_icon\"><i class=\"fa czico-097-user-3 mr10\"><\/i><\/div><div><span>Need & Expectation<small>We Produce Professional Projects to Meet Our Customers' Needs and Expectations in the Best Way<\/small><\/span><\/div><\/li><li class=\"clr\"><div class=\"cz_sl_icon\"><i class=\"fas fa-business-time mr10\"><\/i><\/div><div><span>Commitment & Duration<small>We work with all our efforts to deliver the commitments we make to our customers and project deadlines on time.<\/small><\/span><\/div><\/li><li class=\"clr\"><div class=\"cz_sl_icon\"><i class=\"fa czico-056-quality mr10\"><\/i><\/div><div><span>Development<small>Thanks to our innovative understanding of ideas, we constantly produce and renew ideas from current technologies and projects.<\/small><\/span><\/div><\/li><li class=\"clr\"><div class=\"cz_sl_icon\"><i class=\"fa czico-057-medal mr10\"><\/i><\/div><div><span>Education<small>We regularly and continuously carry out training activities with our staff to increase our customer service quality.<\/small><\/span><\/div><\/li><li class=\"clr\"><div class=\"cz_sl_icon\"><i class=\"fas fa-users mr10\"><\/i><\/div><div><span>Team<small>Our Staff Adopts the Team Approach and Works Together to Provide More Efficient and High Potential Services<\/small><\/span><\/div><\/li><\/ul>[\/vc_column_inner][\/vc_row_inner]<\/div><\/div><\/div><\/div><\/div>[\/vc_column][vc_column offset=&#8221;vc_hidden-lg vc_hidden-md&#8221;]<div class=\"cz_eqh cz_content_box_parent_fx  \"><div id=\"cz_90574\" class=\"cz_90574 cz_content_box clr\"><div class=\"cz_box_front clr\"><div class=\"cz_box_front_inner clr \"><span><\/span><div>[vc_row_inner][vc_column_inner]<ul id=\"cz_71062\" class=\"cz_71062 cz_stylish_list clr cz_sl_icon_hover_none\"><li class=\"clr\"><div class=\"cz_sl_icon\"><i class=\"fa czico-115-grid-world mr10\"><\/i><\/div><div><span>Target & Legislation<small>We work to ensure that maritime and construction works are carried out and completed in the most accurate manner and in accordance with national legislation in line with project and investment objectives.<\/small><\/span><\/div><\/li><li class=\"clr\"><div class=\"cz_sl_icon\"><i class=\"fa czico-097-user-3 mr10\"><\/i><\/div><div><span>Need & Expectation<small>We Produce Professional Projects to Meet Our Customers' Needs and Expectations in the Best Way<\/small><\/span><\/div><\/li><li class=\"clr\"><div class=\"cz_sl_icon\"><i class=\"fas fa-business-time mr10\"><\/i><\/div><div><span>Commitment & Duration<small>We work with all our efforts to deliver the commitments we make to our customers and project deadlines on time.<\/small><\/span><\/div><\/li><li class=\"clr\"><div class=\"cz_sl_icon\"><i class=\"fa czico-056-quality mr10\"><\/i><\/div><div><span>Development<small>Thanks to our innovative understanding of ideas, we constantly produce and renew ideas from current technologies and projects.<\/small><\/span><\/div><\/li><li class=\"clr\"><div class=\"cz_sl_icon\"><i class=\"fa czico-057-medal mr10\"><\/i><\/div><div><span>Education<small>We regularly and continuously carry out training activities with our staff to increase our customer service quality.<\/small><\/span><\/div><\/li><li class=\"clr\"><div class=\"cz_sl_icon\"><i class=\"fas fa-users mr10\"><\/i><\/div><div><span>Team<small>Our Staff Adopts the Team Approach and Works Together to Provide More Efficient and High Potential Services<\/small><\/span><\/div><\/li><\/ul>[\/vc_column_inner][\/vc_row_inner]<\/div><\/div><\/div><\/div><\/div>[\/vc_column][\/vc_row]<\/p>\n<\/div>","protected":false},"excerpt":{"rendered":"<p>[vc_row][vc_column][\/vc_column][\/vc_row][vc_row][vc_column offset=&#8221;vc_hidden-sm vc_hidden-xs&#8221;][\/vc_column][vc_column offset=&#8221;vc_hidden-lg vc_hidden-md&#8221;][\/vc_column][\/vc_row] &#8230; <\/p>\n","protected":false},"author":1,"featured_media":0,"parent":0,"menu_order":0,"comment_status":"closed","ping_status":"closed","template":"","meta":{"footnotes":""},"class_list":["post-7982","page","type-page","status-publish","hentry"],"_links":{"self":[{"href":"https:\/\/imadenizcilikinsaat.com\/eng\/wp-json\/wp\/v2\/pages\/7982","targetHints":{"allow":["GET"]}}],"collection":[{"href":"https:\/\/imadenizcilikinsaat.com\/eng\/wp-json\/wp\/v2\/pages"}],"about":[{"href":"https:\/\/imadenizcilikinsaat.com\/eng\/wp-json\/wp\/v2\/types\/page"}],"author":[{"embeddable":true,"href":"https:\/\/imadenizcilikinsaat.com\/eng\/wp-json\/wp\/v2\/users\/1"}],"replies":[{"embeddable":true,"href":"https:\/\/imadenizcilikinsaat.com\/eng\/wp-json\/wp\/v2\/comments?post=7982"}],"version-history":[{"count":3,"href":"https:\/\/imadenizcilikinsaat.com\/eng\/wp-json\/wp\/v2\/pages\/7982\/revisions"}],"predecessor-version":[{"id":7985,"href":"https:\/\/imadenizcilikinsaat.com\/eng\/wp-json\/wp\/v2\/pages\/7982\/revisions\/7985"}],"wp:attachment":[{"href":"https:\/\/imadenizcilikinsaat.com\/eng\/wp-json\/wp\/v2\/media?parent=7982"}],"curies":[{"name":"wp","href":"https:\/\/api.w.org\/{rel}","templated":true}]}}