{"id":8413,"date":"2026-01-05T18:49:59","date_gmt":"2026-01-05T15:49:59","guid":{"rendered":"https:\/\/imadenizcilikinsaat.com\/ru\/?page_id=8413"},"modified":"2026-01-06T21:48:09","modified_gmt":"2026-01-06T18:48:09","slug":"%d1%81%d1%82%d1%80%d0%b0%d0%bd%d0%b8%d1%86%d0%b0-%d0%b7%d0%b0%d0%bf%d0%b8%d1%81%d0%b8-%d0%bd%d0%b0-%d0%bf%d1%80%d0%b8%d1%91%d0%bc","status":"publish","type":"page","link":"https:\/\/imadenizcilikinsaat.com\/ru\/%d1%81%d1%82%d1%80%d0%b0%d0%bd%d0%b8%d1%86%d0%b0-%d0%b7%d0%b0%d0%bf%d0%b8%d1%81%d0%b8-%d0%bd%d0%b0-%d0%bf%d1%80%d0%b8%d1%91%d0%bc\/","title":{"rendered":"\u0421\u0442\u0440\u0430\u043d\u0438\u0446\u0430 \u0437\u0430\u043f\u0438\u0441\u0438 \u043d\u0430 \u043f\u0440\u0438\u0451\u043c"},"content":{"rendered":"<div class=\"wpb-content-wrapper\"><p>[vc_row][vc_column offset=&#187;vc_hidden-sm vc_hidden-xs&#187;]<div id=\"cz_42322\" class=\"cz_42322 cz_2_btn cz_2_btn_center\"><a class=\"cz_btn btn1\"  href=\"https:\/\/imadenizcilikinsaat.com\/ru\/%d0%ba%d0%be%d0%bd%d1%82%d0%b0%d0%ba%d1%82%d1%8b\/\" title=\"\u041a\u043e\u043d\u0442\u0430\u043a\u0442\u044b\" aria-label=\"\u041a\u043e\u043d\u0442\u0430\u043a\u0442\u044b\"><strong>\u0421\u0432\u044f\u0436\u0438\u0442\u0435\u0441\u044c \u0441 \u043d\u0430\u043c\u0438 \u043f\u0440\u044f\u043c\u043e \u0441\u0435\u0439\u0447\u0430\u0441<\/strong><\/a><div class=\"cz_2_btn_sep style1\"><i><span>&amp;<\/span><\/i><\/div><a class=\"cz_btn btn2\"  href=\"#\"><strong>\u0421\u043e\u0437\u0434\u0430\u0439\u0442\u0435 \u0441\u0432\u043e\u044e \u0437\u0430\u043f\u0438\u0441\u044c<\/strong><\/a><\/div><div class=\"clr\"><\/div><div class=\"cz_gap clr \" style=\"height: 75px\"><\/div>[\/vc_column][vc_column offset=&#187;vc_hidden-lg vc_hidden-md&#187;][vc_column_text]Randevu Talebi Yerine \u0130leti\u015fim Sayfam\u0131zda Bulunan \u0130leti\u015fim Kanallar\u0131m\u0131zdan Herhangi Biri \u0130le Hemen \u0130leti\u015fime Ge\u00e7ebilirsiniz.[\/vc_column_text]<div class=\"cz_gap clr \" style=\"height: 10px\"><\/div><div class=\"cz_btn_center\"><div class=\"cz_63750_p\"><a id=\"cz_63750\" class=\"cz_63750 cz_btn cz_btn_subtitle cz_btn_txt_no_fx cz_btn_zoom_out\" href=\"https:\/\/imadenizcilikinsaat.com\/iletisim\/\" title=\"\u0130leti\u015fim\" aria-label=\"\u0130leti\u015fim\"><span><i class=\"fa czico-123-call\"><\/i><strong>\u0130leti\u015fim'e Ge\u00e7in<small>Hemen \u0130leti\u015fime Ge\u00e7in<\/small><\/strong><\/span><b class=\"cz_btn_onhover\"><i class=\"fa czico-123-call\"><\/i><strong>\u0130leti\u015fim'e Ge\u00e7in<small>Hemen \u0130leti\u015fime Ge\u00e7in<\/small><\/strong><\/b><\/a><\/div><\/div><div class=\"cz_gap clr \" style=\"height: 50px\"><\/div>[\/vc_column][\/vc_row][vc_row][vc_column]<div class=\"cz_eqh cz_content_box_parent_fx  \"><div id=\"cz_86275\" class=\"cz_86275 cz_content_box clr\"><div class=\"cz_box_front clr\"><div class=\"cz_box_front_inner clr \"><span><\/span><div><div class=\"cz_gap clr \" style=\"height: 40px\"><\/div><div id=\"cz_110403\" class=\"cz_110403 cz_title clr cz_mobile_text_center cz_title_pos_inline\"><div class=\"cz_title_shape shape_icon cz_shape_1\"><i class=\"fa czico-121-24-hours\"><\/i><\/div><div class=\"cz_title_content\"><div class=\"cz_wpe_content\"><h3><span style=\"font-size: 48px; color: #ffffff;\">\u0421\u043e\u0437\u0434\u0430\u0439\u0442\u0435 \u0441\u0432\u043e\u044e \u0437\u0430\u043f\u0438\u0441\u044c<\/span><\/h3>\n<\/div><\/div><\/div><div class=\"cz_gap clr \" style=\"height: 40px\"><\/div><div id=\"cz_13362\" class=\"cz_13362 cz_cf7 clr\"><div>\n<div class=\"wpcf7 no-js\" id=\"wpcf7-f8469-o1\" lang=\"ru-RU\" dir=\"ltr\" data-wpcf7-id=\"8469\">\n<div class=\"screen-reader-response\"><p role=\"status\" aria-live=\"polite\" aria-atomic=\"true\"><\/p> <ul><\/ul><\/div>\n<form action=\"\/ru\/wp-json\/wp\/v2\/pages\/8413#wpcf7-f8469-o1\" method=\"post\" class=\"wpcf7-form init\" aria-label=\"\u041a\u043e\u043d\u0442\u0430\u043a\u0442\u043d\u0430\u044f \u0444\u043e\u0440\u043c\u0430\" novalidate=\"novalidate\" data-status=\"init\">\n<fieldset class=\"hidden-fields-container\"><input type=\"hidden\" name=\"_wpcf7\" value=\"8469\" \/><input type=\"hidden\" name=\"_wpcf7_version\" value=\"6.1.3\" \/><input type=\"hidden\" name=\"_wpcf7_locale\" value=\"ru_RU\" \/><input type=\"hidden\" name=\"_wpcf7_unit_tag\" value=\"wpcf7-f8469-o1\" \/><input type=\"hidden\" name=\"_wpcf7_container_post\" value=\"0\" \/><input type=\"hidden\" name=\"_wpcf7_posted_data_hash\" value=\"\" \/>\n<\/fieldset>\n<p><label> \u0412\u0430\u0448\u0435 \u0438\u043c\u044f \u0438 \u0444\u0430\u043c\u0438\u043b\u0438\u044f<br \/>\n<span class=\"wpcf7-form-control-wrap\" data-name=\"Ad-Soyad\"><input size=\"40\" maxlength=\"400\" class=\"wpcf7-form-control wpcf7-text wpcf7-validates-as-required\" aria-required=\"true\" aria-invalid=\"false\" value=\"\" type=\"text\" name=\"Ad-Soyad\" \/><\/span> <\/label>\n<\/p>\n<p><label> \u0412\u0430\u0448 \u0430\u0434\u0440\u0435\u0441 \u044d\u043b\u0435\u043a\u0442\u0440\u043e\u043d\u043d\u043e\u0439 \u043f\u043e\u0447\u0442\u044b<br \/>\n<span class=\"wpcf7-form-control-wrap\" data-name=\"e-posta\"><input size=\"40\" maxlength=\"400\" class=\"wpcf7-form-control wpcf7-email wpcf7-validates-as-required wpcf7-text wpcf7-validates-as-email\" aria-required=\"true\" aria-invalid=\"false\" value=\"\" type=\"email\" name=\"e-posta\" \/><\/span> <\/label>\n<\/p>\n<p><label> \u0412\u0430\u0448 \u043d\u043e\u043c\u0435\u0440 \u0442\u0435\u043b\u0435\u0444\u043e\u043d\u0430<br \/>\n<span class=\"wpcf7-form-control-wrap\" data-name=\"cep-tel\"><input size=\"40\" maxlength=\"400\" class=\"wpcf7-form-control wpcf7-tel wpcf7-validates-as-required wpcf7-text wpcf7-validates-as-tel\" aria-required=\"true\" aria-invalid=\"false\" value=\"\" type=\"tel\" name=\"cep-tel\" \/><\/span><\/label>\n<\/p>\n<p><label> \u0414\u0430\u0442\u0430 \u0432\u0430\u0448\u0435\u0439 \u0432\u0441\u0442\u0440\u0435\u0447\u0438<br \/>\n<span class=\"wpcf7-form-control-wrap\" data-name=\"tarih\"><input class=\"wpcf7-form-control wpcf7-date wpcf7-validates-as-required wpcf7-validates-as-date\" aria-required=\"true\" aria-invalid=\"false\" value=\"\" type=\"date\" name=\"tarih\" \/><\/span><\/label>\n<\/p>\n<p><label> \u0422\u0435\u043c\u0430, \u043f\u043e \u043a\u043e\u0442\u043e\u0440\u043e\u0439 \u0432\u044b \u0445\u043e\u0442\u0438\u0442\u0435 \u043f\u0440\u043e\u0432\u0435\u0441\u0442\u0438 \u0432\u0441\u0442\u0440\u0435\u0447\u0443<br \/>\n<span class=\"wpcf7-form-control-wrap\" data-name=\"konu\"><input size=\"40\" maxlength=\"400\" class=\"wpcf7-form-control wpcf7-text wpcf7-validates-as-required\" aria-required=\"true\" aria-invalid=\"false\" value=\"\" type=\"text\" name=\"konu\" \/><\/span> <\/label>\n<\/p>\n<p><input class=\"wpcf7-form-control wpcf7-submit has-spinner\" type=\"submit\" value=\"\u041e\u0442\u043f\u0440\u0430\u0432\u0438\u0442\u044c\" \/>\n<\/p><div class=\"wpcf7-response-output\" aria-hidden=\"true\"><\/div>\n<\/form>\n<\/div>\n<\/div><\/div><\/div><\/div><\/div><\/div><\/div>[\/vc_column][\/vc_row][vc_row][vc_column]<div class=\"cz_gap clr \" style=\"height: 75px\"><\/div><div id=\"cz_97902\" data-arrows='{\"open\":\"fa fa-angle-down\",\"close\":\"fa fa-angle-up\"}' class=\"cz_97902 cz_acc clr\"><div><div id=\"cz_57698\"><span class=\"cz_acc_child\"><i class=\"cz-acc-i cz-acc-icon fa czico-Icon-Alert-Notification-Active\"><\/i><div>\u041a\u0430\u043a \u0441\u043e\u0437\u0434\u0430\u0451\u0442\u0441\u044f \u0437\u0430\u043f\u0438\u0441\u044c \u043d\u0430 \u043f\u0440\u0438\u0451\u043c?<\/div><\/span><div class=\"cz_acc_child_content clr\">[vc_column_text css=&#187;&#187;]\u041f\u043e\u0441\u043b\u0435 \u0437\u0430\u043f\u043e\u043b\u043d\u0435\u043d\u0438\u044f \u0444\u043e\u0440\u043c\u044b \u0437\u0430\u043f\u0440\u043e\u0441\u0430 \u043d\u0430 \u043f\u0440\u0438\u0451\u043c \u043c\u044b \u0441\u0442\u0430\u0432\u0438\u043c \u0432\u0430\u0441 \u0432 \u043e\u0447\u0435\u0440\u0435\u0434\u044c \u043d\u0430 \u0437\u0430\u043f\u0438\u0441\u044c \u043d\u0430 \u043e\u0441\u043d\u043e\u0432\u0430\u043d\u0438\u0438 \u043f\u043e\u043b\u0443\u0447\u0435\u043d\u043d\u043e\u0439 \u043e\u0442 \u0432\u0430\u0441 \u0438\u043d\u0444\u043e\u0440\u043c\u0430\u0446\u0438\u0438 \u0438 \u0441\u0432\u044f\u0437\u044b\u0432\u0430\u0435\u043c\u0441\u044f \u0441 \u0432\u0430\u043c\u0438 \u0432 \u043a\u0440\u0430\u0442\u0447\u0430\u0439\u0448\u0438\u0435 \u0441\u0440\u043e\u043a\u0438. \u0412 \u0441\u043b\u0443\u0447\u0430\u0435 \u0432\u043e\u0437\u043d\u0438\u043a\u043d\u043e\u0432\u0435\u043d\u0438\u044f \u043a\u0430\u043a\u0438\u0445-\u043b\u0438\u0431\u043e \u043d\u0435\u043f\u0440\u0435\u0434\u0432\u0438\u0434\u0435\u043d\u043d\u044b\u0445 \u0441\u0438\u0442\u0443\u0430\u0446\u0438\u0439 \u0432\u0430\u043c \u043e\u0431\u044f\u0437\u0430\u0442\u0435\u043b\u044c\u043d\u043e \u0431\u0443\u0434\u0435\u0442 \u043f\u0440\u0435\u0434\u043e\u0441\u0442\u0430\u0432\u043b\u0435\u043d\u0430 \u043e\u0431\u0440\u0430\u0442\u043d\u0430\u044f \u0441\u0432\u044f\u0437\u044c \u0438 \u0438\u043d\u0444\u043e\u0440\u043c\u0430\u0446\u0438\u044f. \u0415\u0441\u043b\u0438 \u043f\u043e\u0441\u043b\u0435 \u043e\u0442\u043f\u0440\u0430\u0432\u043a\u0438 \u0444\u043e\u0440\u043c\u044b \u0437\u0430\u043f\u0440\u043e\u0441\u0430 \u043d\u0430 \u043f\u0440\u0438\u0451\u043c \u0441 \u0432\u0430\u043c\u0438 \u043d\u0435 \u0441\u0432\u044f\u0437\u0430\u043b\u0438\u0441\u044c, \u0432\u044b \u043c\u043e\u0436\u0435\u0442\u0435 \u043f\u043e\u0432\u0442\u043e\u0440\u043d\u043e \u043e\u0442\u043f\u0440\u0430\u0432\u0438\u0442\u044c \u0437\u0430\u043f\u0440\u043e\u0441 \u043d\u0430 \u0437\u0430\u043f\u0438\u0441\u044c <a href=\"https:\/\/imadenizcilikinsaat.com\/ru\/%d0%ba%d0%be%d0%bd%d1%82%d0%b0%d0%ba%d1%82%d1%8b\/\">\u0438\u043b\u0438 \u0441\u0432\u044f\u0437\u0430\u0442\u044c\u0441\u044f \u0441 \u043d\u0430\u043c\u0438 \u043d\u0430\u043f\u0440\u044f\u043c\u0443\u044e.<\/a>[\/vc_column_text]<\/div><\/div><div id=\"cz_35035\"><span class=\"cz_acc_child\"><i class=\"cz-acc-i cz-acc-icon fas fa-exclamation\"><\/i><div>\u041d\u0430 \u0447\u0442\u043e \u0441\u043b\u0435\u0434\u0443\u0435\u0442 \u043e\u0431\u0440\u0430\u0442\u0438\u0442\u044c \u0432\u043d\u0438\u043c\u0430\u043d\u0438\u0435 \u043f\u0440\u0438 \u0437\u0430\u043f\u0438\u0441\u0438 \u043d\u0430 \u043f\u0440\u0438\u0451\u043c?<\/div><\/span><div class=\"cz_acc_child_content clr\">[vc_column_text css=&#187;&#187;]\u041f\u0440\u0438 \u0437\u0430\u043f\u043e\u043b\u043d\u0435\u043d\u0438\u0438 \u0444\u043e\u0440\u043c\u044b \u0437\u0430\u043f\u0440\u043e\u0441\u0430 \u043d\u0430 \u043f\u0440\u0438\u0451\u043c \u043d\u0435\u043e\u0431\u0445\u043e\u0434\u0438\u043c\u043e \u0432\u043d\u0438\u043c\u0430\u0442\u0435\u043b\u044c\u043d\u043e \u043f\u0440\u043e\u0432\u0435\u0440\u0438\u0442\u044c \u043f\u0440\u0430\u0432\u0438\u043b\u044c\u043d\u043e\u0441\u0442\u044c \u0443\u043a\u0430\u0437\u0430\u043d\u043d\u044b\u0445 \u0434\u0430\u043d\u043d\u044b\u0445, \u0442\u0430\u043a\u0438\u0445 \u043a\u0430\u043a \u043d\u043e\u043c\u0435\u0440 \u0442\u0435\u043b\u0435\u0444\u043e\u043d\u0430, \u0430\u0434\u0440\u0435\u0441 \u044d\u043b\u0435\u043a\u0442\u0440\u043e\u043d\u043d\u043e\u0439 \u043f\u043e\u0447\u0442\u044b, \u0438\u043c\u044f \u0438 \u0444\u0430\u043c\u0438\u043b\u0438\u044f. \u0412 \u0441\u043b\u0443\u0447\u0430\u0435, \u0435\u0441\u043b\u0438 \u0438\u0437-\u0437\u0430 \u043d\u0435\u0432\u0435\u0440\u043d\u043e \u0432\u0432\u0435\u0434\u0451\u043d\u043d\u044b\u0445 \u0434\u0430\u043d\u043d\u044b\u0445 \u043c\u044b \u043d\u0435 \u0441\u043c\u043e\u0436\u0435\u043c \u0441 \u0432\u0430\u043c\u0438 \u0441\u0432\u044f\u0437\u0430\u0442\u044c\u0441\u044f, \u0432\u0430\u0448\u0430 \u0437\u0430\u043f\u0438\u0441\u044c \u0431\u0443\u0434\u0435\u0442 \u0430\u0432\u0442\u043e\u043c\u0430\u0442\u0438\u0447\u0435\u0441\u043a\u0438 \u043e\u0442\u043c\u0435\u043d\u0435\u043d\u0430.[\/vc_column_text]<\/div><\/div><div id=\"cz_33174\"><span class=\"cz_acc_child\"><i class=\"cz-acc-i cz-acc-icon fas fa-clock\"><\/i><div>\u041a\u0430\u043a \u0432\u044b\u0431\u0440\u0430\u0442\u044c \u0432\u0440\u0435\u043c\u044f \u043f\u0440\u0438\u0451\u043c\u0430?<\/div><\/span><div class=\"cz_acc_child_content clr\">[vc_column_text css=&#187;&#187;]\u0412 \u0444\u043e\u0440\u043c\u0435 \u0437\u0430\u043f\u0440\u043e\u0441\u0430 \u043d\u0430 \u043f\u0440\u0438\u0451\u043c \u043e\u0442\u0441\u0443\u0442\u0441\u0442\u0432\u0443\u0435\u0442 \u0432\u044b\u0431\u043e\u0440 \u0432\u0440\u0435\u043c\u0435\u043d\u0438. \u041f\u043e \u044d\u0442\u043e\u0439 \u043f\u0440\u0438\u0447\u0438\u043d\u0435 \u043c\u044b \u0441\u0432\u044f\u0437\u044b\u0432\u0430\u0435\u043c\u0441\u044f \u0441 \u0432\u0430\u043c\u0438 \u0437\u0430\u0440\u0430\u043d\u0435\u0435 \u043f\u043e \u0443\u043a\u0430\u0437\u0430\u043d\u043d\u044b\u043c \u0432\u0430\u043c\u0438 \u043a\u043e\u043d\u0442\u0430\u043a\u0442\u043d\u044b\u043c \u0434\u0430\u043d\u043d\u044b\u043c \u0434\u043e \u0432\u044b\u0431\u0440\u0430\u043d\u043d\u043e\u0439 \u0434\u0430\u0442\u044b \u0438 \u0441\u043e\u0433\u043b\u0430\u0441\u043e\u0432\u044b\u0432\u0430\u0435\u043c \u0432\u0440\u0435\u043c\u044f \u043f\u0440\u0438\u0451\u043c\u0430 \u0438 \u0432\u0441\u0435 \u0434\u0435\u0442\u0430\u043b\u0438.[\/vc_column_text]<\/div><\/div><\/div><\/div>[\/vc_column][\/vc_row]<\/p>\n<\/div>","protected":false},"excerpt":{"rendered":"<p>[vc_row][vc_column offset=&#187;vc_hidden-sm vc_hidden-xs&#187;][\/vc_column][vc_column offset=&#187;vc_hidden-lg vc_hidden-md&#187;][vc_column_text]Randevu Talebi Yerine \u0130leti\u015fim Sayfam\u0131zda Bulunan \u0130leti\u015fim &#8230; <\/p>\n","protected":false},"author":1,"featured_media":0,"parent":0,"menu_order":0,"comment_status":"closed","ping_status":"closed","template":"","meta":{"footnotes":""},"class_list":["post-8413","page","type-page","status-publish","hentry"],"_links":{"self":[{"href":"https:\/\/imadenizcilikinsaat.com\/ru\/wp-json\/wp\/v2\/pages\/8413","targetHints":{"allow":["GET"]}}],"collection":[{"href":"https:\/\/imadenizcilikinsaat.com\/ru\/wp-json\/wp\/v2\/pages"}],"about":[{"href":"https:\/\/imadenizcilikinsaat.com\/ru\/wp-json\/wp\/v2\/types\/page"}],"author":[{"embeddable":true,"href":"https:\/\/imadenizcilikinsaat.com\/ru\/wp-json\/wp\/v2\/users\/1"}],"replies":[{"embeddable":true,"href":"https:\/\/imadenizcilikinsaat.com\/ru\/wp-json\/wp\/v2\/comments?post=8413"}],"version-history":[{"count":3,"href":"https:\/\/imadenizcilikinsaat.com\/ru\/wp-json\/wp\/v2\/pages\/8413\/revisions"}],"predecessor-version":[{"id":8470,"href":"https:\/\/imadenizcilikinsaat.com\/ru\/wp-json\/wp\/v2\/pages\/8413\/revisions\/8470"}],"wp:attachment":[{"href":"https:\/\/imadenizcilikinsaat.com\/ru\/wp-json\/wp\/v2\/media?parent=8413"}],"curies":[{"name":"wp","href":"https:\/\/api.w.org\/{rel}","templated":true}]}}