{"id":8424,"date":"2026-01-05T19:02:32","date_gmt":"2026-01-05T16:02:32","guid":{"rendered":"https:\/\/imadenizcilikinsaat.com\/ru\/?page_id=8424"},"modified":"2026-01-05T19:02:38","modified_gmt":"2026-01-05T16:02:38","slug":"%d0%bd%d0%b0%d1%88%d0%b0-%d0%bf%d0%be%d0%bb%d0%b8%d1%82%d0%b8%d0%ba%d0%b0-%d0%ba%d0%b0%d1%87%d0%b5%d1%81%d1%82%d0%b2%d0%b0","status":"publish","type":"page","link":"https:\/\/imadenizcilikinsaat.com\/ru\/%d0%bd%d0%b0%d1%88%d0%b0-%d0%bf%d0%be%d0%bb%d0%b8%d1%82%d0%b8%d0%ba%d0%b0-%d0%ba%d0%b0%d1%87%d0%b5%d1%81%d1%82%d0%b2%d0%b0\/","title":{"rendered":"\u041d\u0430\u0448\u0430 \u043f\u043e\u043b\u0438\u0442\u0438\u043a\u0430 \u043a\u0430\u0447\u0435\u0441\u0442\u0432\u0430"},"content":{"rendered":"<div class=\"wpb-content-wrapper\"><p>[vc_row][vc_column]<div class=\"cz_gap clr \" style=\"height: 50px\"><\/div><div id=\"cz_54772\" class=\"cz_54772 cz_title clr cz_title_pos_inline tac\"><div class=\"cz_title_content\"><div class=\"cz_wpe_content\"><h3 style=\"text-align: center;\"><span style=\"font-size: 48px;\"><strong>\u0418\u041c\u0410 \u0414\u0435\u043d\u0438\u0437\u0434\u0436\u0438\u043b\u0438\u043a &amp; <span style=\"color: #88837b;\">\u0418\u043d\u0448\u0430\u0430\u0442 <\/span>\u041d\u0430\u0448\u0430 \u043f\u043e\u043b\u0438\u0442\u0438\u043a\u0430 \u043a\u0430\u0447\u0435\u0441\u0442\u0432\u0430<\/strong><\/span><\/h3>\n<p style=\"text-align: center;\"><span style=\"font-size: 26px; font-weight: 200;\">\u041c\u044b \u0432\u044b\u043f\u043e\u043b\u043d\u044f\u0435\u043c \u0432\u0430\u0448\u0438 \u043c\u043e\u0440\u0441\u043a\u0438\u0435 \u0438 \u0441\u0442\u0440\u043e\u0438\u0442\u0435\u043b\u044c\u043d\u044b\u0435 \u0440\u0430\u0431\u043e\u0442\u044b \u0441\u0430\u043c\u044b\u043c \u0442\u043e\u0447\u043d\u044b\u043c \u0438 \u043e\u043f\u0442\u0438\u043c\u0430\u043b\u044c\u043d\u044b\u043c \u043e\u0431\u0440\u0430\u0437\u043e\u043c<\/span><\/p>\n<\/div><\/div><\/div><div class=\"cz_gap clr \" style=\"height: 50px\"><\/div>[\/vc_column][\/vc_row][vc_row][vc_column offset=&#187;vc_hidden-sm vc_hidden-xs&#187;]<div class=\"cz_eqh cz_content_box_parent_fx  \"><div id=\"cz_67815\" class=\"cz_67815 cz_content_box clr\"><div class=\"cz_box_front clr\"><div class=\"cz_box_front_inner clr cz_content_box_full_after\"><span><\/span><div>[vc_row_inner][vc_column_inner width=&#187;1\/4&#8243;]<div id=\"cz_56020\" data-position=\"top-right\" class=\"cz_56020 cz_image clr cz_image_no_fx center_on_mobile\"><div class=\"\" ><div class=\"cz_image_in\"><div class=\"cz_main_image\"><img loading=\"lazy\" decoding=\"async\" width=\"1100\" height=\"1700\" src=\"https:\/\/imadenizcilikinsaat.com\/ru\/wp-content\/uploads\/sites\/3\/2023\/05\/Kalite-Politikamiz-Banner.jpg\" class=\"attachment-full\" alt=\"\u0130MA-Denizcilik-\u0130n\u015faat-Kalite-Politikam\u0131z-Banner\" title=\"\u0130MA-Denizcilik-\u0130n\u015faat-Kalite-Politikam\u0131z-Banner\" srcset=\"https:\/\/imadenizcilikinsaat.com\/ru\/wp-content\/uploads\/sites\/3\/2023\/05\/Kalite-Politikamiz-Banner.jpg 1100w, https:\/\/imadenizcilikinsaat.com\/ru\/wp-content\/uploads\/sites\/3\/2023\/05\/Kalite-Politikamiz-Banner-194x300.jpg 194w, https:\/\/imadenizcilikinsaat.com\/ru\/wp-content\/uploads\/sites\/3\/2023\/05\/Kalite-Politikamiz-Banner-663x1024.jpg 663w, https:\/\/imadenizcilikinsaat.com\/ru\/wp-content\/uploads\/sites\/3\/2023\/05\/Kalite-Politikamiz-Banner-768x1187.jpg 768w, https:\/\/imadenizcilikinsaat.com\/ru\/wp-content\/uploads\/sites\/3\/2023\/05\/Kalite-Politikamiz-Banner-994x1536.jpg 994w, https:\/\/imadenizcilikinsaat.com\/ru\/wp-content\/uploads\/sites\/3\/2023\/05\/Kalite-Politikamiz-Banner-600x927.jpg 600w\" sizes=\"auto, (max-width: 1100px) 100vw, 1100px\" \/><\/div><\/div><\/div><\/div>[\/vc_column_inner][vc_column_inner width=&#187;3\/4&#8243;]<div class=\"cz_gap clr \" style=\"height: 50px\"><\/div><ul id=\"cz_105694\" class=\"cz_105694 cz_stylish_list clr cz_sl_icon_hover_none\"><li class=\"clr\"><div class=\"cz_sl_icon\"><i class=\"fa czico-115-grid-world mr10\"><\/i><\/div><div><span>\u0426\u0435\u043b\u0438 \u0438 \u0437\u0430\u043a\u043e\u043d\u043e\u0434\u0430\u0442\u0435\u043b\u044c\u0441\u0442\u0432\u043e<small>\u041c\u044b \u0440\u0430\u0431\u043e\u0442\u0430\u0435\u043c \u043d\u0430\u0434 \u0442\u0435\u043c, \u0447\u0442\u043e\u0431\u044b \u043c\u043e\u0440\u0441\u043a\u0438\u0435 \u0438 \u0441\u0442\u0440\u043e\u0438\u0442\u0435\u043b\u044c\u043d\u044b\u0435 \u0440\u0430\u0431\u043e\u0442\u044b \u0432\u044b\u043f\u043e\u043b\u043d\u044f\u043b\u0438\u0441\u044c \u0438 \u0437\u0430\u0432\u0435\u0440\u0448\u0430\u043b\u0438\u0441\u044c \u043d\u0430\u0438\u0431\u043e\u043b\u0435\u0435 \u043f\u0440\u0430\u0432\u0438\u043b\u044c\u043d\u044b\u043c \u043e\u0431\u0440\u0430\u0437\u043e\u043c, \u0432 \u0441\u043e\u043e\u0442\u0432\u0435\u0442\u0441\u0442\u0432\u0438\u0438 \u0441 \u0446\u0435\u043b\u044f\u043c\u0438 \u043f\u0440\u043e\u0435\u043a\u0442\u043e\u0432 \u0438 \u0438\u043d\u0432\u0435\u0441\u0442\u0438\u0446\u0438\u0439, \u0430 \u0442\u0430\u043a\u0436\u0435 \u0432 \u043f\u043e\u043b\u043d\u043e\u043c \u0441\u043e\u043e\u0442\u0432\u0435\u0442\u0441\u0442\u0432\u0438\u0438 \u0441 \u043d\u0430\u0446\u0438\u043e\u043d\u0430\u043b\u044c\u043d\u044b\u043c \u0437\u0430\u043a\u043e\u043d\u043e\u0434\u0430\u0442\u0435\u043b\u044c\u0441\u0442\u0432\u043e\u043c.<\/small><\/span><\/div><\/li><li class=\"clr\"><div class=\"cz_sl_icon\"><i class=\"fa czico-097-user-3 mr10\"><\/i><\/div><div><span>\u041f\u043e\u0442\u0440\u0435\u0431\u043d\u043e\u0441\u0442\u0438 \u0438 \u043e\u0436\u0438\u0434\u0430\u043d\u0438\u044f<small>\u041c\u044b \u0440\u0430\u0437\u0440\u0430\u0431\u0430\u0442\u044b\u0432\u0430\u0435\u043c \u043f\u0440\u043e\u0444\u0435\u0441\u0441\u0438\u043e\u043d\u0430\u043b\u044c\u043d\u044b\u0435 \u043f\u0440\u043e\u0435\u043a\u0442\u044b \u0434\u043b\u044f \u043d\u0430\u0438\u043b\u0443\u0447\u0448\u0435\u0433\u043e \u0443\u0434\u043e\u0432\u043b\u0435\u0442\u0432\u043e\u0440\u0435\u043d\u0438\u044f \u043f\u043e\u0442\u0440\u0435\u0431\u043d\u043e\u0441\u0442\u0435\u0439 \u0438 \u043e\u0436\u0438\u0434\u0430\u043d\u0438\u0439 \u043d\u0430\u0448\u0438\u0445 \u043a\u043b\u0438\u0435\u043d\u0442\u043e\u0432.<\/small><\/span><\/div><\/li><li class=\"clr\"><div class=\"cz_sl_icon\"><i class=\"fas fa-business-time mr10\"><\/i><\/div><div><span>\u041e\u0431\u044f\u0437\u0430\u0442\u0435\u043b\u044c\u0441\u0442\u0432\u0430 \u0438 \u0441\u0440\u043e\u043a\u0438<small>\u041c\u044b \u043f\u0440\u0438\u043b\u0430\u0433\u0430\u0435\u043c \u0432\u0441\u0435 \u0443\u0441\u0438\u043b\u0438\u044f \u0434\u043b\u044f \u0441\u0432\u043e\u0435\u0432\u0440\u0435\u043c\u0435\u043d\u043d\u043e\u0433\u043e \u0432\u044b\u043f\u043e\u043b\u043d\u0435\u043d\u0438\u044f \u0432\u0437\u044f\u0442\u044b\u0445 \u043d\u0430 \u0441\u0435\u0431\u044f \u043e\u0431\u044f\u0437\u0430\u0442\u0435\u043b\u044c\u0441\u0442\u0432 \u0438 \u0441\u043e\u0431\u043b\u044e\u0434\u0435\u043d\u0438\u044f \u0441\u0440\u043e\u043a\u043e\u0432 \u0440\u0435\u0430\u043b\u0438\u0437\u0430\u0446\u0438\u0438 \u043f\u0440\u043e\u0435\u043a\u0442\u043e\u0432 \u0434\u043b\u044f \u043d\u0430\u0448\u0438\u0445 \u043a\u043b\u0438\u0435\u043d\u0442\u043e\u0432.<\/small><\/span><\/div><\/li><li class=\"clr\"><div class=\"cz_sl_icon\"><i class=\"fa czico-056-quality mr10\"><\/i><\/div><div><span>\u0420\u0430\u0437\u0432\u0438\u0442\u0438\u0435<small>\u0411\u043b\u0430\u0433\u043e\u0434\u0430\u0440\u044f \u043d\u0430\u0448\u0435\u043c\u0443 \u0438\u043d\u043d\u043e\u0432\u0430\u0446\u0438\u043e\u043d\u043d\u043e\u043c\u0443 \u043f\u043e\u0434\u0445\u043e\u0434\u0443 \u043c\u044b \u043f\u043e\u0441\u0442\u043e\u044f\u043d\u043d\u043e \u043e\u0431\u043d\u043e\u0432\u043b\u044f\u0435\u043c\u0441\u044f, \u0441\u043e\u0437\u0434\u0430\u0432\u0430\u044f \u0438\u0434\u0435\u0438 \u043d\u0430 \u043e\u0441\u043d\u043e\u0432\u0435 \u0441\u043e\u0432\u0440\u0435\u043c\u0435\u043d\u043d\u044b\u0445 \u0442\u0435\u0445\u043d\u043e\u043b\u043e\u0433\u0438\u0439 \u0438 \u0430\u043a\u0442\u0443\u0430\u043b\u044c\u043d\u044b\u0445 \u043f\u0440\u043e\u0435\u043a\u0442\u043e\u0432.<\/small><\/span><\/div><\/li><li class=\"clr\"><div class=\"cz_sl_icon\"><i class=\"fa czico-057-medal mr10\"><\/i><\/div><div><span>\u041e\u0431\u0443\u0447\u0435\u043d\u0438\u0435<small>\u0414\u043b\u044f \u043f\u043e\u0432\u044b\u0448\u0435\u043d\u0438\u044f \u043a\u0430\u0447\u0435\u0441\u0442\u0432\u0430 \u043e\u0431\u0441\u043b\u0443\u0436\u0438\u0432\u0430\u043d\u0438\u044f \u043a\u043b\u0438\u0435\u043d\u0442\u043e\u0432 \u043c\u044b \u0440\u0435\u0433\u0443\u043b\u044f\u0440\u043d\u043e \u0438 \u043d\u0430 \u043f\u043e\u0441\u0442\u043e\u044f\u043d\u043d\u043e\u0439 \u043e\u0441\u043d\u043e\u0432\u0435 \u043f\u0440\u043e\u0432\u043e\u0434\u0438\u043c \u043e\u0431\u0443\u0447\u0430\u044e\u0449\u0438\u0435 \u043c\u0435\u0440\u043e\u043f\u0440\u0438\u044f\u0442\u0438\u044f \u0432\u043c\u0435\u0441\u0442\u0435 \u0441 \u043d\u0430\u0448\u0438\u043c \u043f\u0435\u0440\u0441\u043e\u043d\u0430\u043b\u043e\u043c.<\/small><\/span><\/div><\/li><li class=\"clr\"><div class=\"cz_sl_icon\"><i class=\"fas fa-users mr10\"><\/i><\/div><div><span>\u041a\u043e\u043c\u0430\u043d\u0434\u0430 \u0438 \u043a\u043e\u043b\u043b\u0435\u043a\u0442\u0438\u0432<small>\u041d\u0430\u0448\u0438 \u0441\u043e\u0442\u0440\u0443\u0434\u043d\u0438\u043a\u0438, \u043f\u0440\u0438\u0434\u0435\u0440\u0436\u0438\u0432\u0430\u044f\u0441\u044c \u043a\u043e\u043c\u0430\u043d\u0434\u043d\u043e\u0433\u043e \u043f\u043e\u0434\u0445\u043e\u0434\u0430 \u0438 \u0440\u0430\u0431\u043e\u0442\u0430\u044f \u0441\u043e\u0432\u043c\u0435\u0441\u0442\u043d\u043e, \u043f\u0440\u0435\u0434\u043e\u0441\u0442\u0430\u0432\u043b\u044f\u044e\u0442 \u0431\u043e\u043b\u0435\u0435 \u044d\u0444\u0444\u0435\u043a\u0442\u0438\u0432\u043d\u044b\u0435 \u0438 \u0432\u044b\u0441\u043e\u043a\u043e\u043f\u043e\u0442\u0435\u043d\u0446\u0438\u0430\u043b\u044c\u043d\u044b\u0435 \u0443\u0441\u043b\u0443\u0433\u0438.<\/small><\/span><\/div><\/li><\/ul>[\/vc_column_inner][\/vc_row_inner]<\/div><\/div><\/div><\/div><\/div>[\/vc_column][vc_column offset=&#187;vc_hidden-lg vc_hidden-md&#187;]<div class=\"cz_eqh cz_content_box_parent_fx  \"><div id=\"cz_90574\" class=\"cz_90574 cz_content_box clr\"><div class=\"cz_box_front clr\"><div class=\"cz_box_front_inner clr \"><span><\/span><div>[vc_row_inner][vc_column_inner]<ul id=\"cz_80604\" class=\"cz_80604 cz_stylish_list clr cz_sl_icon_hover_none\"><li class=\"clr\"><div class=\"cz_sl_icon\"><i class=\"fa czico-115-grid-world mr10\"><\/i><\/div><div><span>\u0426\u0435\u043b\u0438 \u0438 \u0437\u0430\u043a\u043e\u043d\u043e\u0434\u0430\u0442\u0435\u043b\u044c\u0441\u0442\u0432\u043e<small>\u041c\u044b \u0440\u0430\u0431\u043e\u0442\u0430\u0435\u043c \u043d\u0430\u0434 \u0442\u0435\u043c, \u0447\u0442\u043e\u0431\u044b \u043c\u043e\u0440\u0441\u043a\u0438\u0435 \u0438 \u0441\u0442\u0440\u043e\u0438\u0442\u0435\u043b\u044c\u043d\u044b\u0435 \u0440\u0430\u0431\u043e\u0442\u044b \u0432\u044b\u043f\u043e\u043b\u043d\u044f\u043b\u0438\u0441\u044c \u0438 \u0437\u0430\u0432\u0435\u0440\u0448\u0430\u043b\u0438\u0441\u044c \u043d\u0430\u0438\u0431\u043e\u043b\u0435\u0435 \u043f\u0440\u0430\u0432\u0438\u043b\u044c\u043d\u044b\u043c \u043e\u0431\u0440\u0430\u0437\u043e\u043c, \u0432 \u0441\u043e\u043e\u0442\u0432\u0435\u0442\u0441\u0442\u0432\u0438\u0438 \u0441 \u0446\u0435\u043b\u044f\u043c\u0438 \u043f\u0440\u043e\u0435\u043a\u0442\u043e\u0432 \u0438 \u0438\u043d\u0432\u0435\u0441\u0442\u0438\u0446\u0438\u0439, \u0430 \u0442\u0430\u043a\u0436\u0435 \u0432 \u043f\u043e\u043b\u043d\u043e\u043c \u0441\u043e\u043e\u0442\u0432\u0435\u0442\u0441\u0442\u0432\u0438\u0438 \u0441 \u043d\u0430\u0446\u0438\u043e\u043d\u0430\u043b\u044c\u043d\u044b\u043c \u0437\u0430\u043a\u043e\u043d\u043e\u0434\u0430\u0442\u0435\u043b\u044c\u0441\u0442\u0432\u043e\u043c.<\/small><\/span><\/div><\/li><li class=\"clr\"><div class=\"cz_sl_icon\"><i class=\"fa czico-097-user-3 mr10\"><\/i><\/div><div><span>\u041f\u043e\u0442\u0440\u0435\u0431\u043d\u043e\u0441\u0442\u0438 \u0438 \u043e\u0436\u0438\u0434\u0430\u043d\u0438\u044f<small>\u041c\u044b \u0440\u0430\u0437\u0440\u0430\u0431\u0430\u0442\u044b\u0432\u0430\u0435\u043c \u043f\u0440\u043e\u0444\u0435\u0441\u0441\u0438\u043e\u043d\u0430\u043b\u044c\u043d\u044b\u0435 \u043f\u0440\u043e\u0435\u043a\u0442\u044b \u0434\u043b\u044f \u043d\u0430\u0438\u043b\u0443\u0447\u0448\u0435\u0433\u043e \u0443\u0434\u043e\u0432\u043b\u0435\u0442\u0432\u043e\u0440\u0435\u043d\u0438\u044f \u043f\u043e\u0442\u0440\u0435\u0431\u043d\u043e\u0441\u0442\u0435\u0439 \u0438 \u043e\u0436\u0438\u0434\u0430\u043d\u0438\u0439 \u043d\u0430\u0448\u0438\u0445 \u043a\u043b\u0438\u0435\u043d\u0442\u043e\u0432.<\/small><\/span><\/div><\/li><li class=\"clr\"><div class=\"cz_sl_icon\"><i class=\"fas fa-business-time mr10\"><\/i><\/div><div><span>\u041e\u0431\u044f\u0437\u0430\u0442\u0435\u043b\u044c\u0441\u0442\u0432\u0430 \u0438 \u0441\u0440\u043e\u043a\u0438<small>\u041c\u044b \u043f\u0440\u0438\u043b\u0430\u0433\u0430\u0435\u043c \u0432\u0441\u0435 \u0443\u0441\u0438\u043b\u0438\u044f \u0434\u043b\u044f \u0441\u0432\u043e\u0435\u0432\u0440\u0435\u043c\u0435\u043d\u043d\u043e\u0433\u043e \u0432\u044b\u043f\u043e\u043b\u043d\u0435\u043d\u0438\u044f \u0432\u0437\u044f\u0442\u044b\u0445 \u043d\u0430 \u0441\u0435\u0431\u044f \u043e\u0431\u044f\u0437\u0430\u0442\u0435\u043b\u044c\u0441\u0442\u0432 \u0438 \u0441\u043e\u0431\u043b\u044e\u0434\u0435\u043d\u0438\u044f \u0441\u0440\u043e\u043a\u043e\u0432 \u0440\u0435\u0430\u043b\u0438\u0437\u0430\u0446\u0438\u0438 \u043f\u0440\u043e\u0435\u043a\u0442\u043e\u0432 \u0434\u043b\u044f \u043d\u0430\u0448\u0438\u0445 \u043a\u043b\u0438\u0435\u043d\u0442\u043e\u0432.<\/small><\/span><\/div><\/li><li class=\"clr\"><div class=\"cz_sl_icon\"><i class=\"fa czico-056-quality mr10\"><\/i><\/div><div><span>\u0420\u0430\u0437\u0432\u0438\u0442\u0438\u0435<small>\u0411\u043b\u0430\u0433\u043e\u0434\u0430\u0440\u044f \u043d\u0430\u0448\u0435\u043c\u0443 \u0438\u043d\u043d\u043e\u0432\u0430\u0446\u0438\u043e\u043d\u043d\u043e\u043c\u0443 \u043f\u043e\u0434\u0445\u043e\u0434\u0443 \u043c\u044b \u043f\u043e\u0441\u0442\u043e\u044f\u043d\u043d\u043e \u043e\u0431\u043d\u043e\u0432\u043b\u044f\u0435\u043c\u0441\u044f, \u0441\u043e\u0437\u0434\u0430\u0432\u0430\u044f \u0438\u0434\u0435\u0438 \u043d\u0430 \u043e\u0441\u043d\u043e\u0432\u0435 \u0441\u043e\u0432\u0440\u0435\u043c\u0435\u043d\u043d\u044b\u0445 \u0442\u0435\u0445\u043d\u043e\u043b\u043e\u0433\u0438\u0439 \u0438 \u0430\u043a\u0442\u0443\u0430\u043b\u044c\u043d\u044b\u0445 \u043f\u0440\u043e\u0435\u043a\u0442\u043e\u0432.<\/small><\/span><\/div><\/li><li class=\"clr\"><div class=\"cz_sl_icon\"><i class=\"fa czico-057-medal mr10\"><\/i><\/div><div><span>\u041e\u0431\u0443\u0447\u0435\u043d\u0438\u0435<small>\u0414\u043b\u044f \u043f\u043e\u0432\u044b\u0448\u0435\u043d\u0438\u044f \u043a\u0430\u0447\u0435\u0441\u0442\u0432\u0430 \u043e\u0431\u0441\u043b\u0443\u0436\u0438\u0432\u0430\u043d\u0438\u044f \u043a\u043b\u0438\u0435\u043d\u0442\u043e\u0432 \u043c\u044b \u0440\u0435\u0433\u0443\u043b\u044f\u0440\u043d\u043e \u0438 \u043d\u0430 \u043f\u043e\u0441\u0442\u043e\u044f\u043d\u043d\u043e\u0439 \u043e\u0441\u043d\u043e\u0432\u0435 \u043f\u0440\u043e\u0432\u043e\u0434\u0438\u043c \u043e\u0431\u0443\u0447\u0430\u044e\u0449\u0438\u0435 \u043c\u0435\u0440\u043e\u043f\u0440\u0438\u044f\u0442\u0438\u044f \u0432\u043c\u0435\u0441\u0442\u0435 \u0441 \u043d\u0430\u0448\u0438\u043c \u043f\u0435\u0440\u0441\u043e\u043d\u0430\u043b\u043e\u043c.<\/small><\/span><\/div><\/li><li class=\"clr\"><div class=\"cz_sl_icon\"><i class=\"fas fa-users mr10\"><\/i><\/div><div><span>\u041a\u043e\u043c\u0430\u043d\u0434\u0430 \u0438 \u043a\u043e\u043b\u043b\u0435\u043a\u0442\u0438\u0432<small>\u041d\u0430\u0448\u0438 \u0441\u043e\u0442\u0440\u0443\u0434\u043d\u0438\u043a\u0438, \u043f\u0440\u0438\u0434\u0435\u0440\u0436\u0438\u0432\u0430\u044f\u0441\u044c \u043a\u043e\u043c\u0430\u043d\u0434\u043d\u043e\u0433\u043e \u043f\u043e\u0434\u0445\u043e\u0434\u0430 \u0438 \u0440\u0430\u0431\u043e\u0442\u0430\u044f \u0441\u043e\u0432\u043c\u0435\u0441\u0442\u043d\u043e, \u043f\u0440\u0435\u0434\u043e\u0441\u0442\u0430\u0432\u043b\u044f\u044e\u0442 \u0431\u043e\u043b\u0435\u0435 \u044d\u0444\u0444\u0435\u043a\u0442\u0438\u0432\u043d\u044b\u0435 \u0438 \u0432\u044b\u0441\u043e\u043a\u043e\u043f\u043e\u0442\u0435\u043d\u0446\u0438\u0430\u043b\u044c\u043d\u044b\u0435 \u0443\u0441\u043b\u0443\u0433\u0438.<\/small><\/span><\/div><\/li><\/ul>[\/vc_column_inner][\/vc_row_inner]<\/div><\/div><\/div><\/div><\/div>[\/vc_column][\/vc_row]<\/p>\n<\/div>","protected":false},"excerpt":{"rendered":"<p>[vc_row][vc_column][\/vc_column][\/vc_row][vc_row][vc_column offset=&#187;vc_hidden-sm vc_hidden-xs&#187;][\/vc_column][vc_column offset=&#187;vc_hidden-lg vc_hidden-md&#187;][\/vc_column][\/vc_row] &#8230; <\/p>\n","protected":false},"author":1,"featured_media":0,"parent":0,"menu_order":0,"comment_status":"closed","ping_status":"closed","template":"","meta":{"footnotes":""},"class_list":["post-8424","page","type-page","status-publish","hentry"],"_links":{"self":[{"href":"https:\/\/imadenizcilikinsaat.com\/ru\/wp-json\/wp\/v2\/pages\/8424","targetHints":{"allow":["GET"]}}],"collection":[{"href":"https:\/\/imadenizcilikinsaat.com\/ru\/wp-json\/wp\/v2\/pages"}],"about":[{"href":"https:\/\/imadenizcilikinsaat.com\/ru\/wp-json\/wp\/v2\/types\/page"}],"author":[{"embeddable":true,"href":"https:\/\/imadenizcilikinsaat.com\/ru\/wp-json\/wp\/v2\/users\/1"}],"replies":[{"embeddable":true,"href":"https:\/\/imadenizcilikinsaat.com\/ru\/wp-json\/wp\/v2\/comments?post=8424"}],"version-history":[{"count":2,"href":"https:\/\/imadenizcilikinsaat.com\/ru\/wp-json\/wp\/v2\/pages\/8424\/revisions"}],"predecessor-version":[{"id":8427,"href":"https:\/\/imadenizcilikinsaat.com\/ru\/wp-json\/wp\/v2\/pages\/8424\/revisions\/8427"}],"wp:attachment":[{"href":"https:\/\/imadenizcilikinsaat.com\/ru\/wp-json\/wp\/v2\/media?parent=8424"}],"curies":[{"name":"wp","href":"https:\/\/api.w.org\/{rel}","templated":true}]}}